{"id":1482,"date":"2026-02-03T10:17:39","date_gmt":"2026-02-03T09:17:39","guid":{"rendered":"https:\/\/www.lavillaouest.com\/royan-iconic-resort-of-the-cote-de-beaute\/"},"modified":"2026-03-23T11:36:03","modified_gmt":"2026-03-23T10:36:03","slug":"royan-iconic-resort-of-the-cote-de-beaute","status":"publish","type":"page","link":"https:\/\/www.lavillaouest.com\/en\/royan-iconic-resort-of-the-cote-de-beaute\/","title":{"rendered":"Royan, the emblematic C\u00f4te de Beaut\u00e9 resort"},"content":{"rendered":"\n<div class=\"wp-block-group gt_1-cta-1photo_005 has-global-padding is-layout-constrained wp-container-core-group-is-layout-54d47a5d wp-block-group-is-layout-constrained\" style=\"padding-top:8rem;padding-right:5rem;padding-bottom:8rem;padding-left:5rem\">\n<div class=\"wp-block-columns are-vertically-aligned-center is-layout-flex wp-container-core-columns-is-layout-2ce42527 wp-block-columns-is-layout-flex\">\n<div class=\"wp-block-column is-vertically-aligned-center left is-layout-flow wp-block-column-is-layout-flow\">\n<figure class=\"wp-block-image size-full has-custom-border img-1\"><img decoding=\"async\" width=\"1980\" height=\"1320\" src=\"https:\/\/www.lavillaouest.com\/wp-content\/uploads\/2026\/02\/AdobeStock_738880118-scaled-e1770109708170.jpeg\" alt=\"AdobeStock\" class=\"wp-image-1082\" style=\"border-radius:0px\"\/><\/figure>\n\n\n\n<figure class=\"wp-block-image size-full has-custom-border img-2\" style=\"margin-top:0px;margin-bottom:0px\"><img decoding=\"async\" width=\"1980\" height=\"1320\" src=\"https:\/\/www.lavillaouest.com\/wp-content\/uploads\/2026\/02\/AdobeStock_297014208-scaled-e1770109976213.jpeg\" alt=\"AdobeStock\" class=\"wp-image-1101\" style=\"border-radius:0px\"\/><\/figure>\n\n\n\n<figure class=\"wp-block-image size-full has-custom-border img-3\" style=\"margin-top:0px;margin-bottom:0px\"><img decoding=\"async\" width=\"376\" height=\"517\" src=\"https:\/\/www.lavillaouest.com\/wp-content\/uploads\/2025\/11\/fond-texutre-tissus-vert.webp\" alt=\"green fabric background\" class=\"wp-image-141\" style=\"border-radius:0px\"\/><\/figure>\n<\/div>\n\n\n\n<div class=\"wp-block-column is-vertically-aligned-center right is-layout-flow wp-block-column-is-layout-flow\" style=\"padding-right:5rem\">\n<div class=\"wp-block-group is-nowrap is-layout-flex wp-container-core-group-is-layout-4b0a85f0 wp-block-group-is-layout-flex\">\n<figure class=\"wp-block-image size-full is-resized\"><img decoding=\"async\" width=\"21\" height=\"20\" src=\"https:\/\/www.lavillaouest.com\/wp-content\/uploads\/2025\/11\/icon-fleur-hotel-bleu.svg\" alt=\"icon fleur hotel bleu\" class=\"wp-image-70\" style=\"object-fit:contain;width:21px;height:21px\"\/><\/figure>\n\n\n\n<p class=\"has-custom-color-4-color has-text-color has-link-color has-rounded-elegance-font-family wp-elements-95d370afab72276fa861ca5a7624e1f8\" style=\"font-size:clamp(0.875rem, 0.875rem + ((1vw - 0.2rem) * 0.525), 1.19rem);font-style:normal;font-weight:400;letter-spacing:5px;text-transform:uppercase\">ROYAN<\/p>\n<\/div>\n\n\n\n<h1 class=\"wp-block-heading has-magich-font-family\" style=\"font-size:clamp(2.418rem, 2.418rem + ((1vw - 0.2rem) * 3.47), 4.5rem);line-height:1;text-transform:uppercase\">Royan, the emblematic C\u00f4te de Beaut\u00e9 resort<\/h1>\n\n\n\n<figure class=\"wp-block-image aligncenter size-large\"><img decoding=\"async\" width=\"264\" height=\"22\" src=\"https:\/\/www.lavillaouest.com\/wp-content\/uploads\/2025\/11\/trait-separation-avec-icon-bleu.svg\" alt=\"line separation with blue icon\" class=\"wp-image-80\"\/><\/figure>\n\n\n\n<div class=\"wp-block-group content has-global-padding is-layout-constrained wp-container-core-group-is-layout-bfec7e37 wp-block-group-is-layout-constrained\" style=\"margin-top:0px;margin-bottom:0px;padding-top:4rem;padding-right:5rem;padding-bottom:4rem\">\n<p>Located on the C\u00f4te de Beaut\u00e9, Royan is one of Charente-Maritime&#8217;s most famous seaside resorts. Renowned for its architecture from the 1950s, listed as a City of Art and History, its lively seafront and &#8220;<em>City of Art and History<\/em>&#8220;, its lively seafront and its long beaches of fine sand, the city offers a subtle balance between urban dynamism and the art of a22&gt; art of living by the sea. <\/p>\n\n\n\n<p>Just a few minutes from Saint-Palais-sur-Mer, Royan appeals as much to lovers of idleness as to enthusiasts of culture and heritage. The <strong>Notre-Dame Church<\/strong>, a masterpiece of raw concrete designed by Guillaume Gillet, and the central market with its futuristic lines bear witness to a13&gt; this <strong>architectural identity<\/strong> <strong>unique in France.<\/strong><\/p>\n<\/div>\n<\/div>\n<\/div>\n\n\n\n<figure class=\"wp-block-image size-full background-image\"><img decoding=\"async\" width=\"422\" height=\"412\" src=\"https:\/\/www.lavillaouest.com\/wp-content\/uploads\/2025\/12\/dessin-fleur-hotel-fond.svg\" alt=\"design flower hotel background\" class=\"wp-image-217\" style=\"aspect-ratio:1;object-fit:contain\"\/><\/figure>\n<\/div>\n\n<div id=\"evenements-prives\" class=\"wp-block-group gt_1-cta-1photofull_001 has-global-padding is-layout-constrained wp-container-core-group-is-layout-f2b0cc95 wp-block-group-is-layout-constrained\" style=\"margin-top:0px;margin-bottom:0px;padding-right:2rem;padding-left:2rem\">\n<div class=\"wp-block-cover is-light gt-multiple-images-cover has-slider\" style=\"border-radius:0px;min-height:100vh;aspect-ratio:unset;\" data-image-ids=\"[95]\"><div class=\"gt-is-slider swiper-container\" data-swiper=\"{&quot;speed&quot;:1000,&quot;autoplay&quot;:{&quot;delay&quot;:5000,&quot;disableOnInteraction&quot;:false},&quot;spaceBetween&quot;:0,&quot;slidesPerView&quot;:1,&quot;pagination&quot;:{&quot;el&quot;:&quot;.swiper-pagination&quot;,&quot;dynamicBullets&quot;:true,&quot;clickable&quot;:true,&quot;type&quot;:&quot;bullets&quot;},&quot;navigation&quot;:{&quot;nextEl&quot;:&quot;.gt_1-cta-1photofull_001 .arrow-slider-next&quot;,&quot;prevEl&quot;:&quot;.gt_1-cta-1photofull_001 .arrow-slider-prev&quot;},&quot;breakpoints&quot;:[{&quot;slidesPerView&quot;:1}],&quot;effect&quot;:&quot;fade&quot;}\"><div class=\"swiper-wrapper\"><div class=\"swiper-slide\"><img decoding=\"async\" src=\"https:\/\/www.lavillaouest.com\/wp-content\/uploads\/2025\/11\/hotel-avec-piscine-a-royan.webp\" alt=\"hotel avec piscine a royan\" class=\"gt-cover-image\" \/><\/div><\/div><\/div><img decoding=\"async\" width=\"1980\" height=\"1320\" class=\"wp-block-cover__image-background wp-image-1099 size-full\" alt=\"AdobeStock\" src=\"https:\/\/www.lavillaouest.com\/wp-content\/uploads\/2026\/02\/AdobeStock_497256584-scaled-e1770109966923.jpeg\" data-object-fit=\"cover\"\/><span aria-hidden=\"true\" class=\"wp-block-cover__background has-background-dim-0 has-background-dim\"><\/span><div class=\"wp-block-cover__inner-container has-global-padding is-layout-constrained wp-container-core-cover-is-layout-12243e0f wp-block-cover-is-layout-constrained\">\n<figure class=\"wp-block-image size-large arrow-slider-prev\"><img decoding=\"async\" width=\"87\" height=\"11\" src=\"https:\/\/www.lavillaouest.com\/wp-content\/uploads\/2025\/11\/fleche-longue-prev-bleu.svg\" alt=\"long arrow prev blue\" class=\"wp-image-110\"\/><\/figure>\n\n\n\n<figure class=\"wp-block-image size-large arrow-slider-next\"><img decoding=\"async\" width=\"87\" height=\"11\" src=\"https:\/\/www.lavillaouest.com\/wp-content\/uploads\/2025\/11\/fleche-longue-next-bleu.svg\" alt=\"long arrow next blue\" class=\"wp-image-111\"\/><\/figure>\n\n\n\n<div class=\"wp-block-group content has-background has-global-padding is-layout-constrained wp-container-core-group-is-layout-3087699c wp-block-group-is-layout-constrained\" style=\"border-radius:0px;background-color:#092c38;padding-top:0rem;padding-right:6rem;padding-bottom:4rem;padding-left:6rem\">\n<figure class=\"wp-block-image aligncenter size-large\"><img decoding=\"async\" width=\"40\" height=\"122\" src=\"https:\/\/www.lavillaouest.com\/wp-content\/uploads\/2025\/11\/trait-verticale-avec-fleur-bleu.svg\" alt=\"vertical line with blue flower\" class=\"wp-image-107\"\/><\/figure>\n\n\n\n<p class=\"has-text-align-center has-base-2-color has-text-color has-link-color has-magich-font-family wp-elements-3ae92af7575a9c4e959ed23b0bb301d5\" style=\"font-size:clamp(2.151rem, 2.151rem + ((1vw - 0.2rem) * 2.898), 3.89rem);line-height:1;text-transform:uppercase\">Beaches, walks and activities<\/p>\n\n\n\n<h2 class=\"wp-block-heading has-text-align-center animated slideInUp has-base-2-color has-text-color has-link-color wp-elements-b22dcbfe2c0311e4e0a953d471cf5976\">By the sea<\/h2>\n\n\n\n<p class=\"has-text-align-center animated slideInUp has-base-2-color has-text-color has-link-color wp-elements-41bfef9adafef0f790d077fbee5a0189\">Royan invites you to take full advantage of the Atlantic Ocean with its family-friendly beaches, landscaped cornices and bike paths along the coast. The beach of Grande Conche, a true jewel of golden sand bordered by maritime pines, the promenades along the seafront of the sea or the water sports activities set the pace for the a19&gt; days, while the markets, ports and terraces lively bring a atmosphere friendly all through the year. Water sports enthusiasts can enjoy surfing, paddleboarding or sailing in the Mediterranean Sea. paddleboarding or sailing in ideal conditions. An ideal setting for holidays combining relaxation, nature and leisure activities for all. <strong>nature<\/strong> and <a href=\"https:\/\/www.lavillaouest.com\/en\/things-to-do-saint-palais-sur-mer\/\" data-type=\"page\" data-id=\"12\">leisure activities for the whole family.<\/a>  <\/p>\n<\/div>\n<\/div><\/div>\n<\/div>\n\n<div class=\"wp-block-group section-simple has-global-padding is-layout-constrained wp-container-core-group-is-layout-88362d53 wp-block-group-is-layout-constrained\" style=\"margin-top:49px;margin-bottom:49px;padding-top:0rem;padding-right:10rem;padding-bottom:4.3rem;padding-left:10rem\">\n<div class=\"wp-block-columns are-vertically-aligned-center is-layout-flex wp-container-core-columns-is-layout-b23a18ed wp-block-columns-is-layout-flex\">\n<div class=\"wp-block-column is-vertically-aligned-center is-layout-flow wp-block-column-is-layout-flow\">\n<h2 class=\"wp-block-heading\">Stay near Royan in Saint-Palais-sur-Mer<\/h2>\n\n\n\n<p>By choosing La Villa Ouest, a <a href=\"https:\/\/www.lavillaouest.com\/en\/\" data-type=\"page\" data-id=\"5\">charming hotel in Saint-Palais-sur-Mer<\/a>, you can enjoy the tranquillity of a seaside resort on a human scale, while still being in close proximity to Royan. Located <strong>50 metres from the beach<\/strong>, the hotel is an ideal starting point for exploring Royan, Vaux-sur-Mer, La Palmyre and its famous zoo, and all the treasures of <a href=\"https:\/\/www.lavillaouest.com\/tourism-visits-charente-maritime\" data-type=\"page\" data-id=\"1670\">Charente-Maritime<\/a>, before returning to the comfort and serenity of an intimate <a href=\"https:\/\/www.lavillaouest.com\/en\/seaside-hotel-saint-palais-sur-mer\/\" data-type=\"page\" data-id=\"9\">by the sea establishment<\/a>. A privileged location for exploring the region while savouring the peaceful atmosphere of the Charentaise coast Charente coast.  <\/p>\n<\/div>\n\n\n\n<div class=\"wp-block-column is-vertically-aligned-center is-layout-flow wp-block-column-is-layout-flow\">\n<figure class=\"wp-block-image size-full has-custom-border\"><img decoding=\"async\" width=\"1980\" height=\"1548\" src=\"https:\/\/www.lavillaouest.com\/wp-content\/uploads\/2026\/02\/AdobeStock_230855636-scaled-e1770109944351.jpeg\" alt=\"AdobeStock\" class=\"wp-image-1093\" style=\"border-radius:0px\"\/><\/figure>\n<\/div>\n<\/div>\n<\/div>\n\n<div class=\"wp-block-group section-maillage has-global-padding is-layout-constrained wp-container-core-group-is-layout-b07b1a8a wp-block-group-is-layout-constrained\" style=\"padding-top:0px;padding-right:1rem;padding-bottom:0rem;padding-left:1rem\">\n<div class=\"wp-block-group top has-custom-color-3-background-color has-background has-global-padding is-layout-constrained wp-container-core-group-is-layout-a3553d93 wp-block-group-is-layout-constrained\" style=\"margin-top:0px;margin-bottom:0px;padding-top:4rem;padding-right:4rem;padding-bottom:4rem;padding-left:4rem\">\n<div class=\"wp-block-group is-content-justification-center is-nowrap is-layout-flex wp-container-core-group-is-layout-06d12f70 wp-block-group-is-layout-flex\">\n<figure class=\"wp-block-image size-full is-resized\"><img decoding=\"async\" width=\"21\" height=\"20\" src=\"https:\/\/www.lavillaouest.com\/wp-content\/uploads\/2025\/11\/icon-fleur-hotel-bleu.svg\" alt=\"icon fleur hotel bleu\" class=\"wp-image-70\" style=\"object-fit:contain;width:21px;height:21px\"\/><\/figure>\n\n\n\n<p class=\"has-custom-color-4-color has-text-color has-link-color has-rounded-elegance-font-family wp-elements-6273ef44f4cdc534cd2c04fbe52d5c18\" style=\"font-size:clamp(0.875rem, 0.875rem + ((1vw - 0.2rem) * 0.525), 1.19rem);font-style:normal;font-weight:400;letter-spacing:5px;text-transform:uppercase\">Find out more<\/p>\n<\/div>\n\n\n\n<p class=\"has-text-align-center has-base-2-color has-text-color has-link-color has-magich-font-family wp-elements-752b08384a8378b73d548ade0c2916cc\" style=\"font-size:clamp(2.2rem, 2.2rem + ((1vw - 0.2rem) * 3), 4rem);line-height:1;text-transform:uppercase\">Discover our<br\/>services &amp; activities<\/p>\n\n\n\n<figure class=\"wp-block-image aligncenter size-large\"><img decoding=\"async\" width=\"264\" height=\"22\" src=\"https:\/\/www.lavillaouest.com\/wp-content\/uploads\/2025\/11\/trait-separation-avec-icon-bleu.svg\" alt=\"line separation with blue icon\" class=\"wp-image-80\"\/><\/figure>\n<\/div>\n\n\n\n<figure class=\"wp-block-image size-large arrow-slider-prev\"><img decoding=\"async\" width=\"87\" height=\"11\" src=\"https:\/\/www.lavillaouest.com\/wp-content\/uploads\/2025\/11\/fleche-longue-prev-bleu.svg\" alt=\"long arrow prev blue\" class=\"wp-image-110\"\/><\/figure>\n\n\n\n<figure class=\"wp-block-image size-large arrow-slider-next\"><img decoding=\"async\" width=\"87\" height=\"11\" src=\"https:\/\/www.lavillaouest.com\/wp-content\/uploads\/2025\/11\/fleche-longue-next-bleu.svg\" alt=\"long arrow next blue\" class=\"wp-image-111\"\/><\/figure>\n\n\n\n<div data-swiper=\"{&quot;speed&quot;:400,&quot;spaceBetween&quot;:16,&quot;slidesPerView&quot;:3,&quot;createElements&quot;:true,&quot;loop&quot;:true,&quot;freemode&quot;:true,&quot;navigation&quot;:{&quot;nextEl&quot;:&quot;.section-maillage .arrow-slider-next&quot;,&quot;prevEl&quot;:&quot;.section-maillage .arrow-slider-prev&quot;},&quot;pagination&quot;:{&quot;el&quot;:&quot;.swiper-pagination&quot;,&quot;dynamicBullets&quot;:true},&quot;breakpoints&quot;:{&quot;0&quot;:{&quot;slidesPerView&quot;:1},&quot;768&quot;:{&quot;slidesPerView&quot;:2},&quot;1024&quot;:{&quot;slidesPerView&quot;:2},&quot;1025&quot;:{&quot;slidesPerView&quot;:3}},&quot;autoplay&quot;:{&quot;delay&quot;:3000}}\" data-wp-context=\"{}\" data-wp-interactive=\"core\/query\" data-wp-key=\"1\" data-wp-router-region=\"query-1\" class=\"wp-block-query alignwide gt-fse-maillage-query gt-is-slider gt-is-slider-desktop is-layout-flow wp-block-query-is-layout-flow\"><ul class=\"columns-3 wp-block-post-template is-layout-grid wp-container-core-post-template-is-layout-6d3fbd8f wp-block-post-template-is-layout-grid\"><li data-wp-key=\"post-template-item-1529\" class=\"wp-block-post post-1529 page type-page status-publish has-post-thumbnail hentry\">\n<a href=\"https:\/\/www.lavillaouest.com\/en\/seaside-hotel-saint-palais-sur-mer\/\"    class=\"wp-block-tiptip-hyperlink-group-block\" >\n<div data-swiper=\"{&quot;speed&quot;:1000,&quot;autoplay&quot;:{&quot;delay&quot;:5000,&quot;disableOnInteraction&quot;:false},&quot;spaceBetween&quot;:0,&quot;slidesPerView&quot;:1,&quot;pagination&quot;:{&quot;el&quot;:&quot;.swiper-pagination&quot;,&quot;dynamicBullets&quot;:true,&quot;clickable&quot;:true,&quot;type&quot;:&quot;bullets&quot;},&quot;navigation&quot;:{&quot;nextEl&quot;:&quot;.swiper-button-next&quot;,&quot;prevEl&quot;:&quot;.swiper-button-prev&quot;},&quot;breakpoints&quot;:[{&quot;slidesPerView&quot;:1}]}\" class=\"wp-block-cover\" style=\"border-radius:15px\"><span aria-hidden=\"true\" class=\"wp-block-cover__background has-background-dim-60 has-background-dim has-background-gradient\" style=\"background:linear-gradient(0deg,rgb(0,0,0) 0%,rgba(255,255,255,0) 100%)\"><\/span><img decoding=\"async\" width=\"1920\" height=\"640\" src=\"https:\/\/www.lavillaouest.com\/wp-content\/uploads\/2026\/01\/hotel-en-bord-de-mer-saint-palais-sur-mer.jpg\" class=\"wp-block-cover__image-background wp-post-image\" alt=\"seaside hotel saint palais sur mer\" data-object-fit=\"cover\" \/><div class=\"wp-block-cover__inner-container has-global-padding is-layout-constrained wp-container-core-cover-is-layout-12243e0f wp-block-cover-is-layout-constrained\">\n<div class=\"wp-block-group has-global-padding is-layout-constrained wp-block-group-is-layout-constrained\">\n<div class=\"wp-block-group icon has-custom-color-4-background-color has-background has-global-padding is-layout-constrained wp-container-core-group-is-layout-12243e0f wp-block-group-is-layout-constrained\" style=\"border-radius:7px\">\n<figure class=\"wp-block-image size-full is-resized wp-duotone-ffffff-ffffff-2\"><img decoding=\"async\" width=\"104\" height=\"99\" src=\"https:\/\/www.lavillaouest.com\/wp-content\/uploads\/2025\/12\/favicon-hotel-villa-ouest.png\" alt=\"favicon hotel villa ouest\" class=\"wp-image-190\" style=\"object-fit:contain;width:26px;height:26px\"\/><\/figure>\n<\/div>\n<\/div>\n\n\n\n<p class=\"has-text-align-center has-base-2-color has-text-color has-link-color has-magich-font-family wp-elements-d680dd390b3bed14e26aaaf03fe7a4f9\" style=\"font-size:clamp(2.089rem, 2.089rem + ((1vw - 0.2rem) * 2.768), 3.75rem);line-height:1;text-transform:uppercase\">Seaside<\/p>\n<\/div><\/div>\n<\/a>\n<\/li><li data-wp-key=\"post-template-item-1478\" class=\"wp-block-post post-1478 page type-page status-publish has-post-thumbnail hentry\">\n<a href=\"https:\/\/www.lavillaouest.com\/en\/tea-room-saint-palais-sur-mer\/\"    class=\"wp-block-tiptip-hyperlink-group-block\" >\n<div data-swiper=\"{&quot;speed&quot;:1000,&quot;autoplay&quot;:{&quot;delay&quot;:5000,&quot;disableOnInteraction&quot;:false},&quot;spaceBetween&quot;:0,&quot;slidesPerView&quot;:1,&quot;pagination&quot;:{&quot;el&quot;:&quot;.swiper-pagination&quot;,&quot;dynamicBullets&quot;:true,&quot;clickable&quot;:true,&quot;type&quot;:&quot;bullets&quot;},&quot;navigation&quot;:{&quot;nextEl&quot;:&quot;.swiper-button-next&quot;,&quot;prevEl&quot;:&quot;.swiper-button-prev&quot;},&quot;breakpoints&quot;:[{&quot;slidesPerView&quot;:1}]}\" class=\"wp-block-cover\" style=\"border-radius:15px\"><span aria-hidden=\"true\" class=\"wp-block-cover__background has-background-dim-60 has-background-dim has-background-gradient\" style=\"background:linear-gradient(0deg,rgb(0,0,0) 0%,rgba(255,255,255,0) 100%)\"><\/span><img decoding=\"async\" width=\"1366\" height=\"768\" src=\"https:\/\/www.lavillaouest.com\/wp-content\/uploads\/2026\/02\/photo-salon-the-htoel-villa-ouest.jpg\" class=\"wp-block-cover__image-background wp-post-image\" alt=\"photo salon the hotel villa ouest\" data-object-fit=\"cover\" \/><div class=\"wp-block-cover__inner-container has-global-padding is-layout-constrained wp-container-core-cover-is-layout-12243e0f wp-block-cover-is-layout-constrained\">\n<div class=\"wp-block-group has-global-padding is-layout-constrained wp-block-group-is-layout-constrained\">\n<div class=\"wp-block-group icon has-custom-color-4-background-color has-background has-global-padding is-layout-constrained wp-container-core-group-is-layout-12243e0f wp-block-group-is-layout-constrained\" style=\"border-radius:7px\">\n<figure class=\"wp-block-image size-full is-resized wp-duotone-ffffff-ffffff-4\"><img decoding=\"async\" width=\"104\" height=\"99\" src=\"https:\/\/www.lavillaouest.com\/wp-content\/uploads\/2025\/12\/favicon-hotel-villa-ouest.png\" alt=\"favicon hotel villa ouest\" class=\"wp-image-190\" style=\"object-fit:contain;width:26px;height:26px\"\/><\/figure>\n<\/div>\n<\/div>\n\n\n\n<p class=\"has-text-align-center has-base-2-color has-text-color has-link-color has-magich-font-family wp-elements-d680dd390b3bed14e26aaaf03fe7a4f9\" style=\"font-size:clamp(2.089rem, 2.089rem + ((1vw - 0.2rem) * 2.768), 3.75rem);line-height:1;text-transform:uppercase\">Tearoom<\/p>\n<\/div><\/div>\n<\/a>\n<\/li><li data-wp-key=\"post-template-item-1467\" class=\"wp-block-post post-1467 page type-page status-publish has-post-thumbnail hentry\">\n<a href=\"https:\/\/www.lavillaouest.com\/en\/hotel-spa-wellness-saint-palais-sur-mer\/\"    class=\"wp-block-tiptip-hyperlink-group-block\" >\n<div data-swiper=\"{&quot;speed&quot;:1000,&quot;autoplay&quot;:{&quot;delay&quot;:5000,&quot;disableOnInteraction&quot;:false},&quot;spaceBetween&quot;:0,&quot;slidesPerView&quot;:1,&quot;pagination&quot;:{&quot;el&quot;:&quot;.swiper-pagination&quot;,&quot;dynamicBullets&quot;:true,&quot;clickable&quot;:true,&quot;type&quot;:&quot;bullets&quot;},&quot;navigation&quot;:{&quot;nextEl&quot;:&quot;.swiper-button-next&quot;,&quot;prevEl&quot;:&quot;.swiper-button-prev&quot;},&quot;breakpoints&quot;:[{&quot;slidesPerView&quot;:1}]}\" class=\"wp-block-cover\" style=\"border-radius:15px\"><span aria-hidden=\"true\" class=\"wp-block-cover__background has-background-dim-60 has-background-dim has-background-gradient\" style=\"background:linear-gradient(0deg,rgb(0,0,0) 0%,rgba(255,255,255,0) 100%)\"><\/span><img decoding=\"async\" width=\"1920\" height=\"823\" src=\"https:\/\/www.lavillaouest.com\/wp-content\/uploads\/2026\/03\/spa-et-bien-etre-proche-de-royan-copie.webp\" class=\"wp-block-cover__image-background wp-post-image\" alt=\"spa and wellness near royan copy\" data-object-fit=\"cover\" \/><div class=\"wp-block-cover__inner-container has-global-padding is-layout-constrained wp-container-core-cover-is-layout-12243e0f wp-block-cover-is-layout-constrained\">\n<div class=\"wp-block-group has-global-padding is-layout-constrained wp-block-group-is-layout-constrained\">\n<div class=\"wp-block-group icon has-custom-color-4-background-color has-background has-global-padding is-layout-constrained wp-container-core-group-is-layout-12243e0f wp-block-group-is-layout-constrained\" style=\"border-radius:7px\">\n<figure class=\"wp-block-image size-full is-resized wp-duotone-ffffff-ffffff-6\"><img decoding=\"async\" width=\"104\" height=\"99\" src=\"https:\/\/www.lavillaouest.com\/wp-content\/uploads\/2025\/12\/favicon-hotel-villa-ouest.png\" alt=\"favicon hotel villa ouest\" class=\"wp-image-190\" style=\"object-fit:contain;width:26px;height:26px\"\/><\/figure>\n<\/div>\n<\/div>\n\n\n\n<p class=\"has-text-align-center has-base-2-color has-text-color has-link-color has-magich-font-family wp-elements-d680dd390b3bed14e26aaaf03fe7a4f9\" style=\"font-size:clamp(2.089rem, 2.089rem + ((1vw - 0.2rem) * 2.768), 3.75rem);line-height:1;text-transform:uppercase\">Spa &amp; wellness<\/p>\n<\/div><\/div>\n<\/a>\n<\/li><\/ul><\/div>\n<\/div>\n","protected":false},"excerpt":{"rendered":"<p>ROYAN Royan, the emblematic C\u00f4te de Beaut\u00e9 resort Located on the C\u00f4te de Beaut\u00e9, Royan is one of Charente-Maritime&#8217;s most famous seaside resorts. Renowned for its architecture from the 1950s, listed as a City of Art and History, its lively seafront and &#8220;City of Art and History&#8220;, its lively seafront and its long beaches of [&hellip;]<\/p>\n","protected":false},"author":1,"featured_media":1682,"parent":0,"menu_order":0,"comment_status":"closed","ping_status":"closed","template":"","meta":{"_acf_changed":false,"_seopress_robots_primary_cat":"","_seopress_titles_title":"Royan, station baln\u00e9aire de la C\u00f4te de Beaut\u00e9 | S\u00e9jour pr\u00e8s de la plage","_seopress_titles_desc":"D\u00e9couvrez Royan, station incontournable de la C\u00f4te de Beaut\u00e9 : plages, front de mer et activit\u00e9s. S\u00e9journez \u00e0 Saint-Palais-sur-Mer, \u00e0 deux pas de Royan.","_seopress_robots_index":"","inline_featured_image":false,"gt_fse_maillage_image":"https:\/\/www.lavillaouest.com\/wp-content\/uploads\/2026\/02\/camping-des-deux-plages-royan-2-1.jpeg","gt_fse_maillage_titre":"camping-des-deux-plages-royan-2","gt_fse_maillage_alt":"camping-des-deux-plages-royan-2","gt_fse_maillage_resume":"","footnotes":""},"categories":[],"tags":[],"class_list":["post-1482","page","type-page","status-publish","has-post-thumbnail","hentry"],"acf":[],"_links":{"self":[{"href":"https:\/\/www.lavillaouest.com\/en\/wp-json\/wp\/v2\/pages\/1482","targetHints":{"allow":["GET"]}}],"collection":[{"href":"https:\/\/www.lavillaouest.com\/en\/wp-json\/wp\/v2\/pages"}],"about":[{"href":"https:\/\/www.lavillaouest.com\/en\/wp-json\/wp\/v2\/types\/page"}],"author":[{"embeddable":true,"href":"https:\/\/www.lavillaouest.com\/en\/wp-json\/wp\/v2\/users\/1"}],"replies":[{"embeddable":true,"href":"https:\/\/www.lavillaouest.com\/en\/wp-json\/wp\/v2\/comments?post=1482"}],"version-history":[{"count":8,"href":"https:\/\/www.lavillaouest.com\/en\/wp-json\/wp\/v2\/pages\/1482\/revisions"}],"predecessor-version":[{"id":1833,"href":"https:\/\/www.lavillaouest.com\/en\/wp-json\/wp\/v2\/pages\/1482\/revisions\/1833"}],"wp:featuredmedia":[{"embeddable":true,"href":"https:\/\/www.lavillaouest.com\/en\/wp-json\/wp\/v2\/media\/1682"}],"wp:attachment":[{"href":"https:\/\/www.lavillaouest.com\/en\/wp-json\/wp\/v2\/media?parent=1482"}],"wp:term":[{"taxonomy":"category","embeddable":true,"href":"https:\/\/www.lavillaouest.com\/en\/wp-json\/wp\/v2\/categories?post=1482"},{"taxonomy":"post_tag","embeddable":true,"href":"https:\/\/www.lavillaouest.com\/en\/wp-json\/wp\/v2\/tags?post=1482"}],"curies":[{"name":"wp","href":"https:\/\/api.w.org\/{rel}","templated":true}]}}