{"id":1496,"date":"2025-11-29T11:27:05","date_gmt":"2025-11-29T10:27:05","guid":{"rendered":"https:\/\/www.lavillaouest.com\/hotel-with-heated-pool-saint-palais-sur-mer\/"},"modified":"2026-03-23T11:30:33","modified_gmt":"2026-03-23T10:30:33","slug":"hotel-with-heated-pool-saint-palais-sur-mer","status":"publish","type":"page","link":"https:\/\/www.lavillaouest.com\/en\/hotel-with-heated-pool-saint-palais-sur-mer\/","title":{"rendered":"Swimming pool"},"content":{"rendered":"\n<div class=\"wp-block-group gt_1-cta-1photo_005 has-global-padding is-layout-constrained wp-container-core-group-is-layout-4af4e752 wp-block-group-is-layout-constrained\" style=\"padding-top:8rem;padding-right:5rem;padding-bottom:9.6rem;padding-left:5rem\">\n<div class=\"wp-block-columns are-vertically-aligned-center is-layout-flex wp-container-core-columns-is-layout-2ce42527 wp-block-columns-is-layout-flex\">\n<div class=\"wp-block-column is-vertically-aligned-center left is-layout-flow wp-block-column-is-layout-flow\">\n<figure class=\"wp-block-image size-full has-custom-border img-1\"><img decoding=\"async\" width=\"1000\" height=\"1500\" src=\"https:\/\/www.lavillaouest.com\/wp-content\/uploads\/2026\/01\/piscine-hotel-saint-palais-sur-mer.jpg\" alt=\"swimming pool hotel saint palais sur mer\" class=\"wp-image-722\" style=\"border-radius:0px\"\/><\/figure>\n\n\n\n<figure class=\"wp-block-image size-full has-custom-border img-2\" style=\"margin-top:0px;margin-bottom:0px\"><img decoding=\"async\" width=\"1000\" height=\"667\" src=\"https:\/\/www.lavillaouest.com\/wp-content\/uploads\/2026\/01\/transat-piscine-hotel-charente-maritime.jpg\" alt=\"transat pool hotel charente maritime\" class=\"wp-image-720\" style=\"border-radius:0px\"\/><\/figure>\n\n\n\n<figure class=\"wp-block-image size-full has-custom-border img-3\" style=\"margin-top:0px;margin-bottom:0px\"><img decoding=\"async\" width=\"374\" height=\"510\" src=\"https:\/\/www.lavillaouest.com\/wp-content\/uploads\/2026\/01\/fond-piscine-avec-eau.jpg\" alt=\"pool bottom with water\" class=\"wp-image-729\" style=\"border-radius:0px\"\/><\/figure>\n<\/div>\n\n\n\n<div class=\"wp-block-column is-vertically-aligned-center right is-layout-flow wp-block-column-is-layout-flow\" style=\"padding-right:5rem\">\n<div class=\"wp-block-group is-nowrap is-layout-flex wp-container-core-group-is-layout-4b0a85f0 wp-block-group-is-layout-flex\">\n<figure class=\"wp-block-image size-full is-resized\"><img decoding=\"async\" width=\"21\" height=\"20\" src=\"https:\/\/www.lavillaouest.com\/wp-content\/uploads\/2025\/11\/icon-fleur-hotel-bleu.svg\" alt=\"icon fleur hotel bleu\" class=\"wp-image-70\" style=\"object-fit:contain;width:21px;height:21px\"\/><\/figure>\n\n\n\n<p class=\"has-custom-color-4-color has-text-color has-link-color has-rounded-elegance-font-family wp-elements-93c4765b70f782922f5f760f09e4d0d0\" style=\"font-size:clamp(0.875rem, 0.875rem + ((1vw - 0.2rem) * 0.525), 1.19rem);font-style:normal;font-weight:400;letter-spacing:5px;text-transform:uppercase\">heated swimming pool<\/p>\n<\/div>\n\n\n\n<h1 class=\"wp-block-heading has-magich-font-family\" style=\"font-size:clamp(2.418rem, 2.418rem + ((1vw - 0.2rem) * 3.47), 4.5rem);line-height:1;text-transform:uppercase\">Hotel with heated pool in Saint-Palais-sur-Mer<\/h1>\n\n\n\n<figure class=\"wp-block-image aligncenter size-large\"><img decoding=\"async\" width=\"264\" height=\"22\" src=\"https:\/\/www.lavillaouest.com\/wp-content\/uploads\/2025\/11\/trait-separation-avec-icon-bleu.svg\" alt=\"line separation with blue icon\" class=\"wp-image-80\"\/><\/figure>\n\n\n\n<div class=\"wp-block-group content has-global-padding is-layout-constrained wp-container-core-group-is-layout-bfec7e37 wp-block-group-is-layout-constrained\" style=\"margin-top:0px;margin-bottom:0px;padding-top:4rem;padding-right:5rem;padding-bottom:4rem\">\n<p>Treat yourself to a <strong>relaxing break<\/strong> in our hotel with heated pool in Saint-Palais-sur-Mer, just a stone&#8217;s throw from the ocean. From spring 2026, La Villa Ouest will be expanding its wellness offering with a heated outdoor pool nestled in the heart of its <strong>wooded garden<\/strong>. Designed as a place of <strong>calm<\/strong> and <strong>serenity<\/strong>, this elegant pool will complement the<strong>refined atmosphere<\/strong> of our boutique hotel.  <\/p>\n\n\n\n<p>Accessible exclusively to hotel guests, the pool is open <strong>from April to October<\/strong>, weather permitting. Heated to between <strong>28 and 30\u00b0C<\/strong>, it offers a pleasant swim at any time of day, whether for a few morning lengths, an afternoon cool-down or a moment of relaxation at the end of the day. <\/p>\n\n\n\n<p>Staying at La Villa Ouest means choosing a charming seaside hotel, where every detail has been designed with <strong>your well-being<\/strong> in mind. This swimming pool will enhance the unique experience we offer at our<a href=\"https:\/\/www.lavillaouest.com\/en\/\" data-type=\"page\" data-id=\"5\"> hotel in Saint-Palais-sur-Mer<\/a>, in an <strong>intimate <\/strong>, <strong>well-kept<\/strong> <strong>setting <\/strong>just 50 meters from Le Bureau beach. <\/p>\n<\/div>\n<\/div>\n<\/div>\n\n\n\n<figure class=\"wp-block-image size-full background-image\"><img decoding=\"async\" width=\"422\" height=\"412\" src=\"https:\/\/www.lavillaouest.com\/wp-content\/uploads\/2025\/12\/dessin-fleur-hotel-fond.svg\" alt=\"design flower hotel background\" class=\"wp-image-217\" style=\"aspect-ratio:1;object-fit:contain\"\/><\/figure>\n<\/div>\n\n<div class=\"wp-block-group gt_1-cta-1photofull_001 has-global-padding is-layout-constrained wp-container-core-group-is-layout-f2b0cc95 wp-block-group-is-layout-constrained\" style=\"margin-top:0px;margin-bottom:0px;padding-right:2rem;padding-left:2rem\">\n<div class=\"wp-block-cover is-light gt-multiple-images-cover has-slider\" style=\"border-radius:0px;min-height:100vh;aspect-ratio:unset;\" data-image-ids=\"[724]\"><div class=\"gt-is-slider swiper-container\" data-swiper=\"{&quot;speed&quot;:1000,&quot;autoplay&quot;:{&quot;delay&quot;:5000,&quot;disableOnInteraction&quot;:false},&quot;spaceBetween&quot;:0,&quot;slidesPerView&quot;:1,&quot;pagination&quot;:{&quot;el&quot;:&quot;.swiper-pagination&quot;,&quot;dynamicBullets&quot;:true,&quot;clickable&quot;:true,&quot;type&quot;:&quot;bullets&quot;},&quot;navigation&quot;:{&quot;nextEl&quot;:&quot;.gt_1-cta-1photofull_001 .arrow-slider-next&quot;,&quot;prevEl&quot;:&quot;.gt_1-cta-1photofull_001 .arrow-slider-prev&quot;},&quot;breakpoints&quot;:[{&quot;slidesPerView&quot;:1}],&quot;effect&quot;:&quot;fade&quot;}\"><div class=\"swiper-wrapper\"><div class=\"swiper-slide\"><img decoding=\"async\" src=\"https:\/\/www.lavillaouest.com\/wp-content\/uploads\/2026\/01\/piscine-chauffee-saint-palais-sur-mer.jpg\" alt=\"piscine chauffee saint palais sur mer\" class=\"gt-cover-image\" \/><\/div><\/div><\/div><span aria-hidden=\"true\" class=\"wp-block-cover__background has-background-dim-0 has-background-dim\"><\/span><div class=\"wp-block-cover__inner-container has-global-padding is-layout-constrained wp-container-core-cover-is-layout-12243e0f wp-block-cover-is-layout-constrained\">\n<figure class=\"wp-block-image size-large arrow-slider-prev\"><img decoding=\"async\" width=\"87\" height=\"11\" src=\"https:\/\/www.lavillaouest.com\/wp-content\/uploads\/2025\/11\/fleche-longue-prev-bleu.svg\" alt=\"long arrow prev blue\" class=\"wp-image-110\"\/><\/figure>\n\n\n\n<figure class=\"wp-block-image size-large arrow-slider-next\"><img decoding=\"async\" width=\"87\" height=\"11\" src=\"https:\/\/www.lavillaouest.com\/wp-content\/uploads\/2025\/11\/fleche-longue-next-bleu.svg\" alt=\"long arrow next blue\" class=\"wp-image-111\"\/><\/figure>\n\n\n\n<div class=\"wp-block-group content has-background has-global-padding is-layout-constrained wp-container-core-group-is-layout-3087699c wp-block-group-is-layout-constrained\" style=\"border-radius:0px;background-color:#092c38;padding-top:0rem;padding-right:6rem;padding-bottom:4rem;padding-left:6rem\">\n<figure class=\"wp-block-image aligncenter size-large\"><img decoding=\"async\" width=\"40\" height=\"122\" src=\"https:\/\/www.lavillaouest.com\/wp-content\/uploads\/2025\/11\/trait-verticale-avec-fleur-bleu.svg\" alt=\"vertical line with blue flower\" class=\"wp-image-107\"\/><\/figure>\n\n\n\n<p class=\"has-text-align-center has-base-2-color has-text-color has-link-color has-magich-font-family wp-elements-5ed5fad8eecf30105bd626f9db6a1dd7\" style=\"font-size:clamp(2.151rem, 2.151rem + ((1vw - 0.2rem) * 2.898), 3.89rem);line-height:1;text-transform:uppercase\">immerse yourself<\/p>\n\n\n\n<h2 class=\"wp-block-heading has-text-align-center animated slideInUp has-base-2-color has-text-color has-link-color wp-elements-65dfffbba12d6f7ea5b3c24a7e527ef6\">Hotel with heated outdoor pool near Royan<\/h2>\n\n\n\n<p class=\"has-text-align-center animated slideInUp has-base-2-color has-text-color has-link-color wp-elements-ff0c36a3341c58fea728d5376df8833f\">Looking for a hotel with heated pool near Royan for your next vacation? La Villa Ouest is the ideal address to combine <strong>a seaside getaway<\/strong> with <strong>top-of-the-range comfort<\/strong>, in a <strong>gentle<\/strong>, <strong>soothing<\/strong> atmosphere. <\/p>\n\n\n\n<p class=\"has-text-align-center has-base-2-color has-text-color has-link-color wp-elements-eb113deeddc3ded346fe1a257f20f57d\">Located just a few minutes from Royan, our pool lets you enjoy the <strong>pleasures of the water<\/strong>, even out of season. Thanks to its heating system, the water is maintained at an ideal temperature, <strong>between 28 and 30\u00b0C<\/strong>, for maximum swimming comfort from spring onwards. <\/p>\n\n\n\n<p class=\"has-text-align-center animated slideInUp has-base-2-color has-text-color has-link-color wp-elements-45bde9471f9a248a92ac4354e726c1e2\">The pool will be integrated into a landscaped garden, <strong>sheltered from wind and glare<\/strong>, to preserve the calm and privacy so dear to our establishment. After the pool, extend your wellness experience in our <strong>spa<\/strong>, or sit out on the terrace for a <strong>Mariage Fr\u00e8res tea<\/strong>. <\/p>\n<\/div>\n<\/div><\/div>\n<\/div>\n\n<div class=\"wp-block-group section-simple has-global-padding is-layout-constrained wp-container-core-group-is-layout-406c76cc wp-block-group-is-layout-constrained\" style=\"margin-top:49px;margin-bottom:49px;padding-top:0rem;padding-right:10rem;padding-bottom:3.9rem;padding-left:10rem\">\n<div class=\"wp-block-columns are-vertically-aligned-center is-layout-flex wp-container-core-columns-is-layout-b23a18ed wp-block-columns-is-layout-flex\">\n<div class=\"wp-block-column is-vertically-aligned-center is-layout-flow wp-block-column-is-layout-flow\">\n<h2 class=\"wp-block-heading\">Relax on our sunbeds<\/h2>\n\n\n\n<p>Around the pool, <strong>sunbathing<\/strong> areas await you to enjoy every moment under the Charentais sky. Whether you&#8217;re a fan of reading, napping or simply soaking up the sun, you&#8217;ll find your place on our solarium, in an <strong>elegant<\/strong> and <strong>relaxed<\/strong> atmosphere. <\/p>\n\n\n\n<p>Our hotel<strong> <\/strong>invites you to experience moments of <strong>indulgence<\/strong>, punctuated by baths, treatments and the light of the Atlantic. From April 2026, the heated outdoor swimming pool will be one of the <strong>highlights<\/strong> of your stay at Villa Ouest. <\/p>\n<\/div>\n\n\n\n<div class=\"wp-block-column is-vertically-aligned-center is-layout-flow wp-block-column-is-layout-flow\">\n<figure class=\"wp-block-image size-full has-custom-border\"><img decoding=\"async\" width=\"1000\" height=\"667\" src=\"https:\/\/www.lavillaouest.com\/wp-content\/uploads\/2026\/01\/transat-piscine-hotel-royan.jpg\" alt=\"transat pool hotel royan\" class=\"wp-image-726\" style=\"border-radius:0px\"\/><\/figure>\n<\/div>\n<\/div>\n<\/div>\n\n<div class=\"wp-block-group section-maillage has-global-padding is-layout-constrained wp-container-core-group-is-layout-b07b1a8a wp-block-group-is-layout-constrained\" style=\"padding-top:0px;padding-right:1rem;padding-bottom:0rem;padding-left:1rem\">\n<div class=\"wp-block-group top has-custom-color-3-background-color has-background has-global-padding is-layout-constrained wp-container-core-group-is-layout-a3553d93 wp-block-group-is-layout-constrained\" style=\"margin-top:0px;margin-bottom:0px;padding-top:4rem;padding-right:4rem;padding-bottom:4rem;padding-left:4rem\">\n<div class=\"wp-block-group is-content-justification-center is-nowrap is-layout-flex wp-container-core-group-is-layout-06d12f70 wp-block-group-is-layout-flex\">\n<figure class=\"wp-block-image size-full is-resized\"><img decoding=\"async\" width=\"21\" height=\"20\" src=\"https:\/\/www.lavillaouest.com\/wp-content\/uploads\/2025\/11\/icon-fleur-hotel-bleu.svg\" alt=\"icon fleur hotel bleu\" class=\"wp-image-70\" style=\"object-fit:contain;width:21px;height:21px\"\/><\/figure>\n\n\n\n<p class=\"has-custom-color-4-color has-text-color has-link-color has-rounded-elegance-font-family wp-elements-6273ef44f4cdc534cd2c04fbe52d5c18\" style=\"font-size:clamp(0.875rem, 0.875rem + ((1vw - 0.2rem) * 0.525), 1.19rem);font-style:normal;font-weight:400;letter-spacing:5px;text-transform:uppercase\">Find out more<\/p>\n<\/div>\n\n\n\n<p class=\"has-text-align-center has-base-2-color has-text-color has-link-color has-magich-font-family wp-elements-752b08384a8378b73d548ade0c2916cc\" style=\"font-size:clamp(2.2rem, 2.2rem + ((1vw - 0.2rem) * 3), 4rem);line-height:1;text-transform:uppercase\">Discover our<br\/>services &amp; activities<\/p>\n\n\n\n<figure class=\"wp-block-image aligncenter size-large\"><img decoding=\"async\" width=\"264\" height=\"22\" src=\"https:\/\/www.lavillaouest.com\/wp-content\/uploads\/2025\/11\/trait-separation-avec-icon-bleu.svg\" alt=\"line separation with blue icon\" class=\"wp-image-80\"\/><\/figure>\n<\/div>\n\n\n\n<figure class=\"wp-block-image size-large arrow-slider-prev\"><img decoding=\"async\" width=\"87\" height=\"11\" src=\"https:\/\/www.lavillaouest.com\/wp-content\/uploads\/2025\/11\/fleche-longue-prev-bleu.svg\" alt=\"long arrow prev blue\" class=\"wp-image-110\"\/><\/figure>\n\n\n\n<figure class=\"wp-block-image size-large arrow-slider-next\"><img decoding=\"async\" width=\"87\" height=\"11\" src=\"https:\/\/www.lavillaouest.com\/wp-content\/uploads\/2025\/11\/fleche-longue-next-bleu.svg\" alt=\"long arrow next blue\" class=\"wp-image-111\"\/><\/figure>\n\n\n\n<div data-swiper=\"{&quot;speed&quot;:400,&quot;spaceBetween&quot;:16,&quot;slidesPerView&quot;:3,&quot;createElements&quot;:true,&quot;loop&quot;:true,&quot;freemode&quot;:true,&quot;navigation&quot;:{&quot;nextEl&quot;:&quot;.section-maillage .arrow-slider-next&quot;,&quot;prevEl&quot;:&quot;.section-maillage .arrow-slider-prev&quot;},&quot;pagination&quot;:{&quot;el&quot;:&quot;.swiper-pagination&quot;,&quot;dynamicBullets&quot;:true},&quot;breakpoints&quot;:{&quot;0&quot;:{&quot;slidesPerView&quot;:1},&quot;768&quot;:{&quot;slidesPerView&quot;:2},&quot;1024&quot;:{&quot;slidesPerView&quot;:2},&quot;1025&quot;:{&quot;slidesPerView&quot;:3}},&quot;autoplay&quot;:{&quot;delay&quot;:3000}}\" data-wp-context=\"{}\" data-wp-interactive=\"core\/query\" data-wp-key=\"1\" data-wp-router-region=\"query-1\" class=\"wp-block-query alignwide gt-fse-maillage-query gt-is-slider gt-is-slider-desktop is-layout-flow wp-block-query-is-layout-flow\"><ul class=\"columns-3 wp-block-post-template is-layout-grid wp-container-core-post-template-is-layout-6d3fbd8f wp-block-post-template-is-layout-grid\"><li data-wp-key=\"post-template-item-1529\" class=\"wp-block-post post-1529 page type-page status-publish has-post-thumbnail hentry\">\n<a href=\"https:\/\/www.lavillaouest.com\/en\/seaside-hotel-saint-palais-sur-mer\/\"    class=\"wp-block-tiptip-hyperlink-group-block\" >\n<div data-maillage-alt=\"hotel face a l&amp;#039;atlantique\" data-maillage-src=\"https:\/\/www.lavillaouest.com\/wp-content\/uploads\/2026\/01\/hotel-face-a-l-atlantique.jpg\" data-swiper=\"{&quot;speed&quot;:1000,&quot;autoplay&quot;:{&quot;delay&quot;:5000,&quot;disableOnInteraction&quot;:false},&quot;spaceBetween&quot;:0,&quot;slidesPerView&quot;:1,&quot;pagination&quot;:{&quot;el&quot;:&quot;.swiper-pagination&quot;,&quot;dynamicBullets&quot;:true,&quot;clickable&quot;:true,&quot;type&quot;:&quot;bullets&quot;},&quot;navigation&quot;:{&quot;nextEl&quot;:&quot;.swiper-button-next&quot;,&quot;prevEl&quot;:&quot;.swiper-button-prev&quot;},&quot;breakpoints&quot;:[{&quot;slidesPerView&quot;:1}]}\" class=\"wp-block-cover gt-use-post-maillage-meta gt-has-maillage-image\" style=\"border-radius:15px;background-image:url(https:\/\/www.lavillaouest.com\/wp-content\/uploads\/2026\/01\/hotel-face-a-l-atlantique.jpg);background-size:cover;background-position:50% 50%;\"><span aria-hidden=\"true\" class=\"wp-block-cover__background has-background-dim-60 has-background-dim has-background-gradient\" style=\"background:linear-gradient(0deg,rgb(0,0,0) 0%,rgba(255,255,255,0) 100%)\"><\/span><div class=\"wp-block-cover__inner-container has-global-padding is-layout-constrained wp-container-core-cover-is-layout-12243e0f wp-block-cover-is-layout-constrained\">\n<div class=\"wp-block-group has-global-padding is-layout-constrained wp-block-group-is-layout-constrained\">\n<div class=\"wp-block-group icon has-custom-color-4-background-color has-background has-global-padding is-layout-constrained wp-container-core-group-is-layout-12243e0f wp-block-group-is-layout-constrained\" style=\"border-radius:7px\">\n<figure class=\"wp-block-image size-full is-resized wp-duotone-ffffff-ffffff-2\"><img decoding=\"async\" width=\"21\" height=\"20\" src=\"https:\/\/www.lavillaouest.com\/wp-content\/uploads\/2025\/11\/icon-fleur-hotel-bleu.svg\" alt=\"icon fleur hotel bleu\" class=\"wp-image-70\" style=\"object-fit:contain;width:26px;height:26px\"\/><\/figure>\n<\/div>\n<\/div>\n\n\n\n<p class=\"has-text-align-center has-base-2-color has-text-color has-link-color has-magich-font-family wp-elements-d680dd390b3bed14e26aaaf03fe7a4f9\" style=\"font-size:clamp(2.089rem, 2.089rem + ((1vw - 0.2rem) * 2.768), 3.75rem);line-height:1;text-transform:uppercase\">Seaside<\/p>\n<\/div><\/div>\n<\/a>\n<\/li><li data-wp-key=\"post-template-item-1523\" class=\"wp-block-post post-1523 page type-page status-publish has-post-thumbnail hentry\">\n<a href=\"https:\/\/www.lavillaouest.com\/en\/room-rental-saint-palais-sur-mer\/\"    class=\"wp-block-tiptip-hyperlink-group-block\" >\n<div data-maillage-alt=\"Rooms\" data-maillage-src=\"https:\/\/www.lavillaouest.com\/wp-content\/uploads\/2025\/11\/chambres-a-louer-a-saint-palais-sur-mer.webp\" data-swiper=\"{&quot;speed&quot;:1000,&quot;autoplay&quot;:{&quot;delay&quot;:5000,&quot;disableOnInteraction&quot;:false},&quot;spaceBetween&quot;:0,&quot;slidesPerView&quot;:1,&quot;pagination&quot;:{&quot;el&quot;:&quot;.swiper-pagination&quot;,&quot;dynamicBullets&quot;:true,&quot;clickable&quot;:true,&quot;type&quot;:&quot;bullets&quot;},&quot;navigation&quot;:{&quot;nextEl&quot;:&quot;.swiper-button-next&quot;,&quot;prevEl&quot;:&quot;.swiper-button-prev&quot;},&quot;breakpoints&quot;:[{&quot;slidesPerView&quot;:1}]}\" class=\"wp-block-cover gt-use-post-maillage-meta gt-has-maillage-image\" style=\"border-radius:15px;background-image:url(https:\/\/www.lavillaouest.com\/wp-content\/uploads\/2025\/11\/chambres-a-louer-a-saint-palais-sur-mer.webp);background-size:cover;background-position:50% 50%;\"><span aria-hidden=\"true\" class=\"wp-block-cover__background has-background-dim-60 has-background-dim has-background-gradient\" style=\"background:linear-gradient(0deg,rgb(0,0,0) 0%,rgba(255,255,255,0) 100%)\"><\/span><div class=\"wp-block-cover__inner-container has-global-padding is-layout-constrained wp-container-core-cover-is-layout-12243e0f wp-block-cover-is-layout-constrained\">\n<div class=\"wp-block-group has-global-padding is-layout-constrained wp-block-group-is-layout-constrained\">\n<div class=\"wp-block-group icon has-custom-color-4-background-color has-background has-global-padding is-layout-constrained wp-container-core-group-is-layout-12243e0f wp-block-group-is-layout-constrained\" style=\"border-radius:7px\">\n<figure class=\"wp-block-image size-full is-resized wp-duotone-ffffff-ffffff-4\"><img decoding=\"async\" width=\"21\" height=\"20\" src=\"https:\/\/www.lavillaouest.com\/wp-content\/uploads\/2025\/11\/icon-fleur-hotel-bleu.svg\" alt=\"icon fleur hotel bleu\" class=\"wp-image-70\" style=\"object-fit:contain;width:26px;height:26px\"\/><\/figure>\n<\/div>\n<\/div>\n\n\n\n<p class=\"has-text-align-center has-base-2-color has-text-color has-link-color has-magich-font-family wp-elements-d680dd390b3bed14e26aaaf03fe7a4f9\" style=\"font-size:clamp(2.089rem, 2.089rem + ((1vw - 0.2rem) * 2.768), 3.75rem);line-height:1;text-transform:uppercase\">Rooms<\/p>\n<\/div><\/div>\n<\/a>\n<\/li><li data-wp-key=\"post-template-item-1467\" class=\"wp-block-post post-1467 page type-page status-publish has-post-thumbnail hentry\">\n<a href=\"https:\/\/www.lavillaouest.com\/en\/hotel-spa-wellness-saint-palais-sur-mer\/\"    class=\"wp-block-tiptip-hyperlink-group-block\" >\n<div data-maillage-alt=\"hotel la villa ouest interior jacuzzi\" data-maillage-src=\"https:\/\/www.lavillaouest.com\/wp-content\/uploads\/2026\/03\/hotel-la-villa-ouest-jacuzzi-interieur-3-scaled.jpg\" data-swiper=\"{&quot;speed&quot;:1000,&quot;autoplay&quot;:{&quot;delay&quot;:5000,&quot;disableOnInteraction&quot;:false},&quot;spaceBetween&quot;:0,&quot;slidesPerView&quot;:1,&quot;pagination&quot;:{&quot;el&quot;:&quot;.swiper-pagination&quot;,&quot;dynamicBullets&quot;:true,&quot;clickable&quot;:true,&quot;type&quot;:&quot;bullets&quot;},&quot;navigation&quot;:{&quot;nextEl&quot;:&quot;.swiper-button-next&quot;,&quot;prevEl&quot;:&quot;.swiper-button-prev&quot;},&quot;breakpoints&quot;:[{&quot;slidesPerView&quot;:1}]}\" class=\"wp-block-cover gt-use-post-maillage-meta gt-has-maillage-image\" style=\"border-radius:15px;background-image:url(https:\/\/www.lavillaouest.com\/wp-content\/uploads\/2026\/03\/hotel-la-villa-ouest-jacuzzi-interieur-3-scaled.jpg);background-size:cover;background-position:50% 50%;\"><span aria-hidden=\"true\" class=\"wp-block-cover__background has-background-dim-60 has-background-dim has-background-gradient\" style=\"background:linear-gradient(0deg,rgb(0,0,0) 0%,rgba(255,255,255,0) 100%)\"><\/span><div class=\"wp-block-cover__inner-container has-global-padding is-layout-constrained wp-container-core-cover-is-layout-12243e0f wp-block-cover-is-layout-constrained\">\n<div class=\"wp-block-group has-global-padding is-layout-constrained wp-block-group-is-layout-constrained\">\n<div class=\"wp-block-group icon has-custom-color-4-background-color has-background has-global-padding is-layout-constrained wp-container-core-group-is-layout-12243e0f wp-block-group-is-layout-constrained\" style=\"border-radius:7px\">\n<figure class=\"wp-block-image size-full is-resized wp-duotone-ffffff-ffffff-6\"><img decoding=\"async\" width=\"21\" height=\"20\" src=\"https:\/\/www.lavillaouest.com\/wp-content\/uploads\/2025\/11\/icon-fleur-hotel-bleu.svg\" alt=\"icon fleur hotel bleu\" class=\"wp-image-70\" style=\"object-fit:contain;width:26px;height:26px\"\/><\/figure>\n<\/div>\n<\/div>\n\n\n\n<p class=\"has-text-align-center has-base-2-color has-text-color has-link-color has-magich-font-family wp-elements-d680dd390b3bed14e26aaaf03fe7a4f9\" style=\"font-size:clamp(2.089rem, 2.089rem + ((1vw - 0.2rem) * 2.768), 3.75rem);line-height:1;text-transform:uppercase\">Spa &amp; wellness<\/p>\n<\/div><\/div>\n<\/a>\n<\/li><\/ul><\/div>\n<\/div>\n","protected":false},"excerpt":{"rendered":"<p>heated swimming pool Hotel with heated pool in Saint-Palais-sur-Mer Treat yourself to a relaxing break in our hotel with heated pool in Saint-Palais-sur-Mer, just a stone&#8217;s throw from the ocean. From spring 2026, La Villa Ouest will be expanding its wellness offering with a heated outdoor pool nestled in the heart of its wooded garden. [&hellip;]<\/p>\n","protected":false},"author":1,"featured_media":1495,"parent":0,"menu_order":0,"comment_status":"closed","ping_status":"closed","template":"","meta":{"_acf_changed":false,"_seopress_robots_primary_cat":"","_seopress_titles_title":"H\u00f4tel avec piscine chauff\u00e9e Saint-Palais-sur-Mer, pr\u00e8s de Royan","_seopress_titles_desc":"H\u00f4tel La Villa Ouest \u00e0 Saint-Palais-sur-Mer : boutique h\u00f4tel de charme \u00e0 deux pas de la plage avec piscine chauff\u00e9e, spa, chambres contemporaines et d\u00e9tente en bord de mer. R\u00e9servez votre s\u00e9jour pr\u00e8s de Royan d\u00e8s maintenant !","_seopress_robots_index":"","inline_featured_image":false,"gt_fse_maillage_image":"https:\/\/www.lavillaouest.com\/wp-content\/uploads\/2025\/11\/hotel-avec-piscine-a-royan.webp","gt_fse_maillage_titre":"Swimming pool","gt_fse_maillage_alt":"hotel with pool in royan","gt_fse_maillage_resume":"","footnotes":""},"categories":[],"tags":[],"class_list":["post-1496","page","type-page","status-publish","has-post-thumbnail","hentry"],"acf":[],"_links":{"self":[{"href":"https:\/\/www.lavillaouest.com\/en\/wp-json\/wp\/v2\/pages\/1496","targetHints":{"allow":["GET"]}}],"collection":[{"href":"https:\/\/www.lavillaouest.com\/en\/wp-json\/wp\/v2\/pages"}],"about":[{"href":"https:\/\/www.lavillaouest.com\/en\/wp-json\/wp\/v2\/types\/page"}],"author":[{"embeddable":true,"href":"https:\/\/www.lavillaouest.com\/en\/wp-json\/wp\/v2\/users\/1"}],"replies":[{"embeddable":true,"href":"https:\/\/www.lavillaouest.com\/en\/wp-json\/wp\/v2\/comments?post=1496"}],"version-history":[{"count":3,"href":"https:\/\/www.lavillaouest.com\/en\/wp-json\/wp\/v2\/pages\/1496\/revisions"}],"predecessor-version":[{"id":1820,"href":"https:\/\/www.lavillaouest.com\/en\/wp-json\/wp\/v2\/pages\/1496\/revisions\/1820"}],"wp:featuredmedia":[{"embeddable":true,"href":"https:\/\/www.lavillaouest.com\/en\/wp-json\/wp\/v2\/media\/1495"}],"wp:attachment":[{"href":"https:\/\/www.lavillaouest.com\/en\/wp-json\/wp\/v2\/media?parent=1496"}],"wp:term":[{"taxonomy":"category","embeddable":true,"href":"https:\/\/www.lavillaouest.com\/en\/wp-json\/wp\/v2\/categories?post=1496"},{"taxonomy":"post_tag","embeddable":true,"href":"https:\/\/www.lavillaouest.com\/en\/wp-json\/wp\/v2\/tags?post=1496"}],"curies":[{"name":"wp","href":"https:\/\/api.w.org\/{rel}","templated":true}]}}